{"id":57,"date":"2024-04-09T22:37:13","date_gmt":"2024-04-09T20:37:13","guid":{"rendered":"http:\/\/nukuhivadiving.com\/?page_id=57"},"modified":"2024-04-15T22:35:27","modified_gmt":"2024-04-15T20:35:27","slug":"les-plongee","status":"publish","type":"page","link":"https:\/\/nukuhivadiving.com\/index.php\/les-plongee\/","title":{"rendered":"Les plong\u00e9e"},"content":{"rendered":"\n<p>Au nord des Marquises, Nuku-Hiva est un v\u00e9ritable sanctuaire pour les esp\u00e8ces marines.<\/p>\n\n\n\n<p>Prot\u00e9g\u00e9s du vent dominant, les sites de plong\u00e9es se situent dans le Sud de l\u2019\u00eele. D\u00e9pourvu de barri\u00e8re r\u00e9cifale, Nuku-Hiva est riche en topographies diverses et vari\u00e9s, qui comprennent des tombants, des monts sous-marins, des \u00e9boulis rocheux, des grottes\u2026<\/p>\n\n\n\n<div class=\"wp-block-columns is-layout-flex wp-container-core-columns-is-layout-28f84493 wp-block-columns-is-layout-flex\">\n<div class=\"wp-block-column is-layout-flow wp-block-column-is-layout-flow\" style=\"flex-basis:66.66%\">\n<p>La faune des Marquises est tr\u00e8s diff\u00e9rente du reste de la Polyn\u00e9sie Fran\u00e7aise, avec pour \u00ab&nbsp;stars&nbsp;\u00bb la raie manta de r\u00e9cif et le requin marteau \u00e0 feston. Les diff\u00e9rents habitats abritent de multiples vari\u00e9t\u00e9s de poissons (perche, carangue, thon, barracuda, fusiller, mur\u00e8ne, syngnathe\u2026), de crustac\u00e9s (oursin, langouste, crevette\u2026), de poulpes et de nudibranches.<\/p>\n\n\n\n<p>De plus, elle est riche d\u2019esp\u00e8ces end\u00e9miques tel que la mur\u00e8ne dragon, la demoiselle de Strasbourg, la raie marbr\u00e9e, le m\u00e9rou marquisien et bien d\u2019autres.<\/p>\n<\/div>\n\n\n\n<div class=\"wp-block-column is-layout-flow wp-block-column-is-layout-flow\" style=\"flex-basis:33.33%\">\n<figure class=\"wp-block-image size-large\"><img loading=\"lazy\" decoding=\"async\" width=\"1024\" height=\"576\" src=\"\/\/gupoixw.cluster029.hosting.ovh.net\/wp-content\/uploads\/2024\/04\/murene-dragon-1024x576.jpg\" alt=\"\" class=\"wp-image-42\" srcset=\"https:\/\/nukuhivadiving.com\/wp-content\/uploads\/2024\/04\/murene-dragon-1024x576.jpg 1024w, https:\/\/nukuhivadiving.com\/wp-content\/uploads\/2024\/04\/murene-dragon-300x169.jpg 300w, https:\/\/nukuhivadiving.com\/wp-content\/uploads\/2024\/04\/murene-dragon-2000x1125.jpg 2000w\" sizes=\"auto, (max-width: 1024px) 100vw, 1024px\" \/><\/figure>\n<\/div>\n<\/div>\n\n\n\n<div class=\"wp-block-columns is-layout-flex wp-container-core-columns-is-layout-28f84493 wp-block-columns-is-layout-flex\">\n<div class=\"wp-block-column is-layout-flow wp-block-column-is-layout-flow\" style=\"flex-basis:33.33%\">\n<figure class=\"wp-block-image size-large\"><img loading=\"lazy\" decoding=\"async\" width=\"1024\" height=\"715\" src=\"\/\/gupoixw.cluster029.hosting.ovh.net\/wp-content\/uploads\/2024\/04\/marbre-1024x715.jpg\" alt=\"\" class=\"wp-image-41\" srcset=\"https:\/\/nukuhivadiving.com\/wp-content\/uploads\/2024\/04\/marbre-1024x715.jpg 1024w, https:\/\/nukuhivadiving.com\/wp-content\/uploads\/2024\/04\/marbre-300x209.jpg 300w, https:\/\/nukuhivadiving.com\/wp-content\/uploads\/2024\/04\/marbre-2000x1396.jpg 2000w\" sizes=\"auto, (max-width: 1024px) 100vw, 1024px\" \/><\/figure>\n<\/div>\n\n\n\n<div class=\"wp-block-column is-layout-flow wp-block-column-is-layout-flow\" style=\"flex-basis:66.66%\">\n<p>Tr\u00e8s poissonneuses et remplies de petites et grandes surprises, les eaux Marquisiennes sont \u00e0 28\u00b0C toute l\u2019ann\u00e9e avec une visibilit\u00e9 pouvant aller jusqu\u2019\u00e0 30 m\u00e8tres.<p>La vie marine foisonnante permet de tr\u00e8s belles observations en navigation ainsi qu\u2019en randonn\u00e9e palm\u00e9e. Chaque jour est une opportunit\u00e9 de rencontrer un ballet de raie manta, un groupe de dauphins \u00e0 long bec et avec un peu de chance un banc de dauphins d\u2019Electre.<\/p><\/p>\n<\/div>\n<\/div>\n","protected":false},"excerpt":{"rendered":"<p>Au nord des Marquises, Nuku-Hiva est un v\u00e9ritable sanctuaire pour les esp\u00e8ces marines. Prot\u00e9g\u00e9s du vent dominant, les sites de plong\u00e9es se situent dans le Sud de l\u2019\u00eele. D\u00e9pourvu de barri\u00e8re r\u00e9cifale, Nuku-Hiva est riche en topographies diverses et vari\u00e9s, qui comprennent des tombants, des monts sous-marins, des \u00e9boulis rocheux, des grottes\u2026 La faune des &hellip; <\/p>\n<p class=\"link-more\"><a href=\"https:\/\/nukuhivadiving.com\/index.php\/les-plongee\/\" class=\"more-link\">Lire la suite de<span class=\"screen-reader-text\">\u00ab\u00a0Les plong\u00e9e\u00a0\u00bb<\/span><\/a><\/p>\n","protected":false},"author":1,"featured_media":0,"parent":0,"menu_order":0,"comment_status":"closed","ping_status":"closed","template":"","meta":{"footnotes":""},"class_list":["post-57","page","type-page","status-publish","hentry"],"_links":{"self":[{"href":"https:\/\/nukuhivadiving.com\/index.php\/wp-json\/wp\/v2\/pages\/57","targetHints":{"allow":["GET"]}}],"collection":[{"href":"https:\/\/nukuhivadiving.com\/index.php\/wp-json\/wp\/v2\/pages"}],"about":[{"href":"https:\/\/nukuhivadiving.com\/index.php\/wp-json\/wp\/v2\/types\/page"}],"author":[{"embeddable":true,"href":"https:\/\/nukuhivadiving.com\/index.php\/wp-json\/wp\/v2\/users\/1"}],"replies":[{"embeddable":true,"href":"https:\/\/nukuhivadiving.com\/index.php\/wp-json\/wp\/v2\/comments?post=57"}],"version-history":[{"count":5,"href":"https:\/\/nukuhivadiving.com\/index.php\/wp-json\/wp\/v2\/pages\/57\/revisions"}],"predecessor-version":[{"id":92,"href":"https:\/\/nukuhivadiving.com\/index.php\/wp-json\/wp\/v2\/pages\/57\/revisions\/92"}],"wp:attachment":[{"href":"https:\/\/nukuhivadiving.com\/index.php\/wp-json\/wp\/v2\/media?parent=57"}],"curies":[{"name":"wp","href":"https:\/\/api.w.org\/{rel}","templated":true}]}}